{"id":145,"date":"2022-10-18T13:44:35","date_gmt":"2022-10-18T11:44:35","guid":{"rendered":"https:\/\/horpta.wordpress.com\/?page_id=145"},"modified":"2023-03-01T12:09:06","modified_gmt":"2023-03-01T12:09:06","slug":"organigrama-2","status":"publish","type":"page","link":"https:\/\/horpta.upc.edu\/wp\/organigrama-2\/","title":{"rendered":"Organigrama"},"content":{"rendered":"\n<p class=\"has-text-color has-link-color has-small-font-size wp-elements-020c3aae69cccd618ec974a1944689ac\" style=\"color:#777777\">El <mark style=\"background-color:rgba(0, 0, 0, 0);\" class=\"has-inline-color has-custom-superdark-color\">grup de recerca HorPTA<\/mark> integra dos grups de recerca consolidats i un grup emergent reconegut en la darrera convocat\u00f2ria del 2017: <a href=\"https:\/\/fundaciomiquelagusti.cat\/\" target=\"_blank\" rel=\"noreferrer noopener\">Fundaci\u00f3 Miquel Agust\u00ed <\/a>(2017 SGR 00017), <a href=\"https:\/\/futur.upc.edu\/GINEMQUAL\" target=\"_blank\" rel=\"noreferrer noopener\">GINEMQUAL<\/a> (2017 SGR 01082) i <a href=\"https:\/\/futur.upc.edu\/SPAq\" target=\"_blank\" rel=\"noreferrer noopener\">SPAq<\/a> (2017 SGR 00281). Els objectius principals d&#8217;aquests grups eren la selecci\u00f3 i la cria d&#8217;esp\u00e8cies hort\u00edcoles per als trets organol\u00e8ptics, l&#8217;estudi de l&#8217;epidemiologia i gesti\u00f3 dels nematodes par\u00e0sits vegetals i els seus efectes sobre el rendiment i la qualitat dels cultius d&#8217;hortalisses, i la identificaci\u00f3 i caracteritzaci\u00f3 de l&#8217;alga \u00f2ptima per ser cultivada en multi integrat sistemes d&#8217;aq\u00fcicultura tr\u00f2fica (IMTA) i l&#8217;estudi de la qualitat de les algues produ\u00efdes per al seu \u00fas en humans i alimentaci\u00f3 animal i fertilitzants vegetals, respectivament. <\/p>\n\n\n\n<p class=\"has-text-color has-small-font-size\" style=\"color:#777777\">El <strong><mark style=\"background-color:rgba(0, 0, 0, 0);\" class=\"has-inline-color has-custom-superdark-color\">grup de recerca HorPTA<\/mark><\/strong> integra l&#8217;experi\u00e8ncia dels membres dels antics grups i del nous membres en una estructura multidisciplin\u00e0ria que inclou experts en Agronomia, Bioqu\u00edmica, Biotecnologia i Biologia Molecular, Qu\u00edmica i Bioqu\u00edmica dels Aliments, Tecnologia dels Aliments, Tecnologia de la informaci\u00f3 i la commutaci\u00f3, microbiologia, millora vegetal, ecofisiologia vegetal i Sanitat Vegetal, garantint la viabilitat de la proposta.<\/p>\n\n\n\n<p class=\"has-text-color has-small-font-size\" style=\"color:#777777\"><strong><mark style=\"background-color:rgba(0, 0, 0, 0);\" class=\"has-inline-color has-custom-superdark-color\">HorPTA<\/mark><\/strong> \u00e9s l&#8217;\u00fanic col\u00b7lectiu a Catalunya (i probablement tamb\u00e9 a Europa) que cobreix aquest ampli espectre de recerca, ja que la majoria de grups de recerca estan especialitzats en un o pocs temes tractats pel nostre equip. Alguns membres del grup ja han dut a terme projectes conjunts que han donat com a resultat publicacions indexades revistes reunides en bases de dades internacionals del primer quartil. Actualment, la majoria de membres d&#8217;<strong><mark style=\"background-color:rgba(0, 0, 0, 0);\" class=\"has-inline-color has-custom-superdark-color\">HorPTA<\/mark> <\/strong>col\u00b7laborar amb freq\u00fc\u00e8ncia i haver presentat projectes conjunts a convocat\u00f2ries internacionals i nacionals que siguin en avaluaci\u00f3.<\/p>\n\n\n\n<p class=\"has-text-color has-small-font-size\" style=\"color:#777777\">L&#8217;estructura organitzativa del grup es mostra a la figura:<\/p>\n\n\n\n<figure class=\"wp-block-image size-large\"><img loading=\"lazy\" decoding=\"async\" width=\"1032\" height=\"477\" src=\"https:\/\/horpta.upc.edu\/wp\/wp-content\/uploads\/2022\/10\/organigrama.png?w=1024\" alt=\"\" class=\"wp-image-147\" srcset=\"https:\/\/horpta.upc.edu\/wp\/wp-content\/uploads\/2022\/10\/organigrama.png 1032w, https:\/\/horpta.upc.edu\/wp\/wp-content\/uploads\/2022\/10\/organigrama-300x139.png 300w, https:\/\/horpta.upc.edu\/wp\/wp-content\/uploads\/2022\/10\/organigrama-1024x473.png 1024w, https:\/\/horpta.upc.edu\/wp\/wp-content\/uploads\/2022\/10\/organigrama-768x355.png 768w\" sizes=\"auto, (max-width: 1032px) 100vw, 1032px\" \/><\/figure>\n\n\n\n<p class=\"has-text-color has-small-font-size\" style=\"color:#777777\">El principal motiu de l&#8217;alian\u00e7a d&#8217;aquests grups \u00e9s crear un grup transversal de recerca en horticultura que abasti totes les etapes de la cadena de producci\u00f3 i transformaci\u00f3. <\/p>\n\n\n\n<p class=\"has-text-color has-small-font-size\" style=\"color:#777777\">En conjunt, <mark style=\"background-color:rgba(0, 0, 0, 0);\" class=\"has-inline-color has-custom-superdark-color\"><strong>HorPTA<\/strong><\/mark> integra especialistes en el diferents \u00e0mbits de l&#8217;horticultura, des de la conservaci\u00f3 dels recursos gen\u00e8tics vegetals, la millora vegetal per a la nutrici\u00f3 i trets organol\u00e8ptics desitjables, adaptaci\u00f3 a les condicions agroclim\u00e0tiques locals de Catalunya, resist\u00e8ncia i\/o toler\u00e0ncia als agents estressants bi\u00f2tics i abi\u00f2tics, a la producci\u00f3 i cultiu sostenibles sota els principis de l&#8217;economia circular (\u00e9s a dir, alta efici\u00e8ncia d&#8217;entrada), acabant amb la valoritzaci\u00f3 del final productes mitjan\u00e7ant tecnologies de processament i transformaci\u00f3.<\/p>\n","protected":false},"excerpt":{"rendered":"<p>El grup de recerca HorPTA integra dos grups de recerca consolidats i un grup emergent reconegut en la darrera convocat\u00f2ria del 2017: Fundaci\u00f3 Miquel Agust\u00ed (2017 SGR 00017), GINEMQUAL (2017 SGR 01082) i SPAq (2017 SGR 00281). Els objectius principals d&#8217;aquests grups eren la selecci\u00f3 i la cria d&#8217;esp\u00e8cies hort\u00edcoles per als trets organol\u00e8ptics, l&#8217;estudi [&hellip;]<\/p>\n","protected":false},"author":1,"featured_media":0,"parent":0,"menu_order":0,"comment_status":"closed","ping_status":"closed","template":"","meta":{"footnotes":""},"class_list":["post-145","page","type-page","status-publish","hentry"],"_links":{"self":[{"href":"https:\/\/horpta.upc.edu\/wp\/wp-json\/wp\/v2\/pages\/145","targetHints":{"allow":["GET"]}}],"collection":[{"href":"https:\/\/horpta.upc.edu\/wp\/wp-json\/wp\/v2\/pages"}],"about":[{"href":"https:\/\/horpta.upc.edu\/wp\/wp-json\/wp\/v2\/types\/page"}],"author":[{"embeddable":true,"href":"https:\/\/horpta.upc.edu\/wp\/wp-json\/wp\/v2\/users\/1"}],"replies":[{"embeddable":true,"href":"https:\/\/horpta.upc.edu\/wp\/wp-json\/wp\/v2\/comments?post=145"}],"version-history":[{"count":2,"href":"https:\/\/horpta.upc.edu\/wp\/wp-json\/wp\/v2\/pages\/145\/revisions"}],"predecessor-version":[{"id":680,"href":"https:\/\/horpta.upc.edu\/wp\/wp-json\/wp\/v2\/pages\/145\/revisions\/680"}],"wp:attachment":[{"href":"https:\/\/horpta.upc.edu\/wp\/wp-json\/wp\/v2\/media?parent=145"}],"curies":[{"name":"wp","href":"https:\/\/api.w.org\/{rel}","templated":true}]}}